{"id":970,"date":"2016-11-23T16:18:30","date_gmt":"2016-11-23T16:18:30","guid":{"rendered":"https:\/\/kdg.kubota-eu.com\/groundcare\/?page_id=970"},"modified":"2018-01-08T11:52:25","modified_gmt":"2018-01-08T11:52:25","slug":"gebrauchte-maschinen","status":"publish","type":"page","link":"https:\/\/kdg.kubota-eu.com\/groundcare\/gebrauchte-maschinen\/","title":{"rendered":"Gebrauchte Maschinen\/Grauimporte"},"content":{"rendered":"<p>Sehr geehrte Kundin,<br \/>\nsehr geehrter Kunde,<\/p>\n<p>Kubota Maschinen werden ob ihrer Qualit\u00e4t und Zuverl\u00e4ssigkeit im Markt allseits gesch\u00e4tzt. Einen wesentlichen Beitrag hierzu leistet unser Service- und Ersatzteildienst (siehe H\u00e4ndlernachweis), auf welchen Sie auch nach dem Kauf einer Gebrauchtmaschine beruhigt zur\u00fcckgreifen k\u00f6nnen.<\/p>\n<p>Leider werden immer wieder von unabh\u00e4ngigen Firmen oder Personen, welche weder von Kubota (Deutschland) GmbH autorisiert noch mit Kubota (Deutschland) GmbH in irgendeiner Verbindung stehen, gebrauchte Kubota Maschinen in den Markt gebracht, die speziell f\u00fcr den Einsatz in asiatischen L\u00e4ndern entwickelt wurden und daher nicht den Erfordernissen des europ\u00e4ischen Marktes entsprechen.<\/p>\n<p>Hierzu z\u00e4hlen beispielsweise folgende Typen:<\/p>\n<table style=\"width: 923px;height: 969px\" cellspacing=\"0\" cellpadding=\"0\">\n<tbody>\n<tr>\n<td style=\"width: 151.52px\">A-13<\/td>\n<td style=\"width: 151.52px\">GB13<\/td>\n<td style=\"width: 151.49px\">GL200<\/td>\n<td style=\"width: 151.49px\">KJ11<\/td>\n<td style=\"width: 151.49px\">L27<\/td>\n<td style=\"width: 151.49px\">L1-18<\/td>\n<\/tr>\n<tr>\n<td style=\"width: 151.52px\">A-14<\/td>\n<td style=\"width: 151.52px\">GB14<\/td>\n<td style=\"width: 151.49px\">GL201<\/td>\n<td style=\"width: 151.49px\"><\/td>\n<td style=\"width: 151.49px\">L33<\/td>\n<td style=\"width: 151.49px\">L1-20<\/td>\n<\/tr>\n<tr>\n<td style=\"width: 151.52px\">A-15<\/td>\n<td style=\"width: 151.52px\">GB15<\/td>\n<td style=\"width: 151.49px\">GL221<\/td>\n<td style=\"width: 151.49px\">KL21<\/td>\n<td style=\"width: 151.49px\">L46<\/td>\n<td style=\"width: 151.49px\">L1-22<\/td>\n<\/tr>\n<tr>\n<td style=\"width: 151.52px\">A-17<\/td>\n<td style=\"width: 151.52px\">GB16<\/td>\n<td style=\"width: 151.49px\">GL240<\/td>\n<td style=\"width: 151.49px\">KL23<\/td>\n<td style=\"width: 151.49px\">L120<\/td>\n<td style=\"width: 151.49px\">L1-24<\/td>\n<\/tr>\n<tr>\n<td style=\"width: 151.52px\">A-19<\/td>\n<td style=\"width: 151.52px\">GB18<\/td>\n<td style=\"width: 151.49px\">GL241<\/td>\n<td style=\"width: 151.49px\">KL25<\/td>\n<td style=\"width: 151.49px\">L140<\/td>\n<td style=\"width: 151.49px\">L1-26<\/td>\n<\/tr>\n<tr>\n<td style=\"width: 151.52px\">A-30<\/td>\n<td style=\"width: 151.52px\">GB20<\/td>\n<td style=\"width: 151.49px\">GL260<\/td>\n<td style=\"width: 151.49px\">KL27<\/td>\n<td style=\"width: 151.49px\">L170<\/td>\n<td style=\"width: 151.49px\">L1-28<\/td>\n<\/tr>\n<tr>\n<td style=\"width: 151.52px\">A-155<\/td>\n<td style=\"width: 151.52px\"><\/td>\n<td style=\"width: 151.49px\">GL261<\/td>\n<td style=\"width: 151.49px\">KL30<\/td>\n<td style=\"width: 151.49px\">L200<\/td>\n<td style=\"width: 151.49px\">L1-33<\/td>\n<\/tr>\n<tr>\n<td style=\"width: 151.52px\">A-175<\/td>\n<td style=\"width: 151.52px\">GB110<\/td>\n<td style=\"width: 151.49px\">GL268<\/td>\n<td style=\"width: 151.49px\">KL33<\/td>\n<td style=\"width: 151.49px\">L240<\/td>\n<td style=\"width: 151.49px\">L1-38<\/td>\n<\/tr>\n<tr>\n<td style=\"width: 151.52px\">A-195<\/td>\n<td style=\"width: 151.52px\">GB130<\/td>\n<td style=\"width: 151.49px\">GL277<\/td>\n<td style=\"width: 151.49px\">KL36<\/td>\n<td style=\"width: 151.49px\">L260<\/td>\n<td style=\"width: 151.49px\">L1-43<\/td>\n<\/tr>\n<tr>\n<td style=\"width: 151.52px\">B-10<\/td>\n<td style=\"width: 151.52px\">GB140<\/td>\n<td style=\"width: 151.49px\">GL280<\/td>\n<td style=\"width: 151.49px\">KL43<\/td>\n<td style=\"width: 151.49px\">L270<\/td>\n<td style=\"width: 151.49px\">L1-45<\/td>\n<\/tr>\n<tr>\n<td style=\"width: 151.52px\">B-40<\/td>\n<td style=\"width: 151.52px\">GB150<\/td>\n<td style=\"width: 151.49px\">GL281<\/td>\n<td style=\"width: 151.49px\"><\/td>\n<td style=\"width: 151.49px\">L280<\/td>\n<td style=\"width: 151.49px\">L1-185<\/td>\n<\/tr>\n<tr>\n<td style=\"width: 151.52px\"><\/td>\n<td style=\"width: 151.52px\">GB160<\/td>\n<td style=\"width: 151.49px\">GL300<\/td>\n<td style=\"width: 151.49px\">KL28H<\/td>\n<td style=\"width: 151.49px\">L350<\/td>\n<td style=\"width: 151.49px\">L1-195<\/td>\n<\/tr>\n<tr>\n<td style=\"width: 151.52px\">B52<\/td>\n<td style=\"width: 151.52px\">GB170<\/td>\n<td style=\"width: 151.49px\">GL301<\/td>\n<td style=\"width: 151.49px\">KL31H<\/td>\n<td style=\"width: 151.49px\">L1500<\/td>\n<td style=\"width: 151.49px\">L1-205<\/td>\n<\/tr>\n<tr>\n<td style=\"width: 151.52px\">B72<\/td>\n<td style=\"width: 151.52px\">GB180<\/td>\n<td style=\"width: 151.49px\">GL320<\/td>\n<td style=\"width: 151.49px\">KL34H<\/td>\n<td style=\"width: 151.49px\">L1501<\/td>\n<td style=\"width: 151.49px\">L1-215<\/td>\n<\/tr>\n<tr>\n<td style=\"width: 151.52px\">B92<\/td>\n<td style=\"width: 151.52px\">GB200<\/td>\n<td style=\"width: 151.49px\">GL321<\/td>\n<td style=\"width: 151.49px\">KL38H<\/td>\n<td style=\"width: 151.49px\">L1511<\/td>\n<td style=\"width: 151.49px\">L1-225<\/td>\n<\/tr>\n<tr>\n<td style=\"width: 151.52px\"><\/td>\n<td style=\"width: 151.52px\"><\/td>\n<td style=\"width: 151.49px\">GL337<\/td>\n<td style=\"width: 151.49px\">KL41H<\/td>\n<td style=\"width: 151.49px\">L1801<\/td>\n<td style=\"width: 151.49px\">L1-235<\/td>\n<\/tr>\n<tr>\n<td style=\"width: 151.52px\">B1200<\/td>\n<td style=\"width: 151.52px\">GB115<\/td>\n<td style=\"width: 151.49px\">GL338<\/td>\n<td style=\"width: 151.49px\">KL46H<\/td>\n<td style=\"width: 151.49px\">L1802<\/td>\n<td style=\"width: 151.49px\">L1-245<\/td>\n<\/tr>\n<tr>\n<td style=\"width: 151.52px\">B1400<\/td>\n<td style=\"width: 151.52px\">GB135<\/td>\n<td style=\"width: 151.49px\">GL350<\/td>\n<td style=\"width: 151.49px\">KL50H<\/td>\n<td style=\"width: 151.49px\">L2000<\/td>\n<td style=\"width: 151.49px\">L1-255<\/td>\n<\/tr>\n<tr>\n<td style=\"width: 151.52px\">B1402<\/td>\n<td style=\"width: 151.52px\">GB145<\/td>\n<td style=\"width: 151.49px\">GL367<\/td>\n<td style=\"width: 151.49px\"><\/td>\n<td style=\"width: 151.49px\">L2002<\/td>\n<td style=\"width: 151.49px\">L1-265<\/td>\n<\/tr>\n<tr>\n<td style=\"width: 151.52px\">B1500<\/td>\n<td style=\"width: 151.52px\">GB155<\/td>\n<td style=\"width: 151.49px\">GL368<\/td>\n<td style=\"width: 151.49px\">KL210<\/td>\n<td style=\"width: 151.49px\">L2200<\/td>\n<td style=\"width: 151.49px\">L1-275<\/td>\n<\/tr>\n<tr>\n<td style=\"width: 151.52px\">B1502<\/td>\n<td style=\"width: 151.52px\">GB175<\/td>\n<td style=\"width: 151.49px\">GL400<\/td>\n<td style=\"width: 151.49px\">KL230<\/td>\n<td style=\"width: 151.49px\">L2201<\/td>\n<td style=\"width: 151.49px\">L1-285<\/td>\n<\/tr>\n<tr>\n<td style=\"width: 151.52px\">B1600<\/td>\n<td style=\"width: 151.52px\">Bb260<\/td>\n<td style=\"width: 151.49px\">GL417<\/td>\n<td style=\"width: 151.49px\">KL250<\/td>\n<td style=\"width: 151.49px\">L2202<\/td>\n<td style=\"width: 151.49px\">L1-295<\/td>\n<\/tr>\n<tr>\n<td style=\"width: 151.52px\">B1702<\/td>\n<td style=\"width: 151.52px\"><\/td>\n<td style=\"width: 151.49px\">GL418<\/td>\n<td style=\"width: 151.49px\">KL270<\/td>\n<td style=\"width: 151.49px\">L2402<\/td>\n<td style=\"width: 151.49px\">L1-315<\/td>\n<\/tr>\n<tr>\n<td style=\"width: 151.52px\">B1902<\/td>\n<td style=\"width: 151.52px\">GL-19<\/td>\n<td style=\"width: 151.49px\">GL430<\/td>\n<td style=\"width: 151.49px\">KL300<\/td>\n<td style=\"width: 151.49px\">L2600<\/td>\n<td style=\"width: 151.49px\">L1-325<\/td>\n<\/tr>\n<tr>\n<td style=\"width: 151.52px\">B2402<\/td>\n<td style=\"width: 151.52px\">GL-21<\/td>\n<td style=\"width: 151.49px\">GL467<\/td>\n<td style=\"width: 151.49px\">KL330<\/td>\n<td style=\"width: 151.49px\">L2601<\/td>\n<td style=\"width: 151.49px\">L1-345<\/td>\n<\/tr>\n<tr>\n<td style=\"width: 151.52px\">B5000<\/td>\n<td style=\"width: 151.52px\">GL-23<\/td>\n<td style=\"width: 151.49px\">GL470<\/td>\n<td style=\"width: 151.49px\"><\/td>\n<td style=\"width: 151.49px\">L2602<\/td>\n<td style=\"width: 151.49px\">L1-385<\/td>\n<\/tr>\n<tr>\n<td style=\"width: 151.52px\">B5001<\/td>\n<td style=\"width: 151.52px\">GL-25<\/td>\n<td style=\"width: 151.49px\">GL530<\/td>\n<td style=\"width: 151.49px\">KL210H<\/td>\n<td style=\"width: 151.49px\">L2802<\/td>\n<td style=\"width: 151.49px\">L1-435<\/td>\n<\/tr>\n<tr>\n<td style=\"width: 151.52px\">B6000<\/td>\n<td style=\"width: 151.52px\">GL-26<\/td>\n<td style=\"width: 151.49px\">GL600<\/td>\n<td style=\"width: 151.49px\">KL230H<\/td>\n<td style=\"width: 151.49px\">L3001<\/td>\n<td style=\"width: 151.49px\">L1-455<\/td>\n<\/tr>\n<tr>\n<td style=\"width: 151.52px\">B6001<\/td>\n<td style=\"width: 151.52px\">GL-27<\/td>\n<td style=\"width: 151.49px\">GT-3<\/td>\n<td style=\"width: 151.49px\">KL250H<\/td>\n<td style=\"width: 151.49px\">L3202<\/td>\n<td style=\"width: 151.49px\"><\/td>\n<\/tr>\n<tr>\n<td style=\"width: 151.52px\">B7000<\/td>\n<td style=\"width: 151.52px\">GL-29<\/td>\n<td style=\"width: 151.49px\">GT-5<\/td>\n<td style=\"width: 151.49px\">KL270H<\/td>\n<td style=\"width: 151.49px\">L3500<\/td>\n<td style=\"width: 151.49px\">T22<\/td>\n<\/tr>\n<tr>\n<td style=\"width: 151.52px\">B7001<\/td>\n<td style=\"width: 151.52px\">GL-32<\/td>\n<td style=\"width: 151.49px\">GT-8<\/td>\n<td style=\"width: 151.49px\">KL280H<\/td>\n<td style=\"width: 151.49px\">L3602<\/td>\n<td style=\"width: 151.49px\"><\/td>\n<\/tr>\n<tr>\n<td style=\"width: 151.52px\">B7500<\/td>\n<td style=\"width: 151.52px\">GL-33<\/td>\n<td style=\"width: 151.49px\"><\/td>\n<td style=\"width: 151.49px\">KL310H<\/td>\n<td style=\"width: 151.49px\">L4202<\/td>\n<td style=\"width: 151.49px\">X-20<\/td>\n<\/tr>\n<tr>\n<td style=\"width: 151.52px\">B7510<\/td>\n<td style=\"width: 151.52px\">GL-35<\/td>\n<td style=\"width: 151.49px\">GT19<\/td>\n<td style=\"width: 151.49px\">KL340H<\/td>\n<td style=\"width: 151.49px\">L4214<\/td>\n<td style=\"width: 151.49px\">X-24<\/td>\n<\/tr>\n<tr>\n<td style=\"width: 151.52px\"><\/td>\n<td style=\"width: 151.52px\">GL-40<\/td>\n<td style=\"width: 151.49px\">GT21<\/td>\n<td style=\"width: 151.49px\"><\/td>\n<td style=\"width: 151.49px\"><\/td>\n<td style=\"width: 151.49px\"><\/td>\n<\/tr>\n<tr>\n<td style=\"width: 151.52px\">B1-14<\/td>\n<td style=\"width: 151.52px\">GL-43<\/td>\n<td style=\"width: 151.49px\">GT23<\/td>\n<td style=\"width: 151.49px\">KT20<\/td>\n<td style=\"width: 151.49px\"><\/td>\n<td style=\"width: 151.49px\">XB-1<\/td>\n<\/tr>\n<tr>\n<td style=\"width: 151.52px\">B1-15<\/td>\n<td style=\"width: 151.52px\">GL-46<\/td>\n<td style=\"width: 151.49px\">GT26<\/td>\n<td style=\"width: 151.49px\">KT22<\/td>\n<td style=\"width: 151.49px\"><\/td>\n<td style=\"width: 151.49px\"><\/td>\n<\/tr>\n<tr>\n<td style=\"width: 151.52px\">B1-16<\/td>\n<td style=\"width: 151.52px\">GL-53<\/td>\n<td style=\"width: 151.49px\">GT30<\/td>\n<td style=\"width: 151.49px\">KT24<\/td>\n<td style=\"width: 151.49px\"><\/td>\n<td style=\"width: 151.49px\">ZB15<\/td>\n<\/tr>\n<tr>\n<td style=\"width: 151.52px\">B1-17<\/td>\n<td style=\"width: 151.52px\"><\/td>\n<td style=\"width: 151.49px\"><\/td>\n<td style=\"width: 151.49px\">KT27<\/td>\n<td style=\"width: 151.49px\"><\/td>\n<td style=\"width: 151.49px\"><\/td>\n<\/tr>\n<tr>\n<td style=\"width: 151.52px\"><\/td>\n<td style=\"width: 151.52px\"><\/td>\n<td style=\"width: 151.49px\"><\/td>\n<td style=\"width: 151.49px\">KT30<\/td>\n<td style=\"width: 151.49px\"><\/td>\n<td style=\"width: 151.49px\">ZL1<\/td>\n<\/tr>\n<\/tbody>\n<\/table>\n<p>Bei den oben beispielhaft aufgelisteten Maschinen handelt es sich um solche, die bis ca. 2006 hergestellt wurden. Die Liste erweitert sich daher regelm\u00e4\u00dfig um die nach diesem Zeitpunkt hergestellten, f\u00fcr den asiatischen Markt entwickelten Maschinen.<\/p>\n<p>Im Folgenden zeigen wir Ihnen einige typische, f\u00fcr den Gebrauch in Deutschland bzw. Europa betreffende Defizite auf, \u00fcber welche Sie sich beim Kauf einer solchen Maschine vorab im Klaren sein sollten:<\/p>\n<p>\u00a7 Die Maschinen entsprechen nicht den in Europa g\u00fcltigen, zwingenden Sicherheitsvorschriften f\u00fcr Traktoren wie z.B. 2003\/37 EG bzw. der EU-Maschinenrichtlinie 98\/37 EG.<\/p>\n<p>\u00a7 Warnhinweis-Aufkleber fehlen, sind oft nur unzul\u00e4nglich angebracht, in falscher Sprache oder von anderen Modellen teils mi\u00dfverst\u00e4ndlich \u00fcbernommen. Sicherheitsrelevante Bauteile wie Sicherheitsb\u00fcgel (ROPS) fehlen und sind &#8211; wo vorhanden &#8211; oft ohne Zertifizierung f\u00fcr dieses Maschinen-Modell.<\/p>\n<p>\u00a7 Fahrersitze sind weder auf die Gewichte und Gr\u00f6\u00dfen hiesiger Fahrer einstellbar noch typgepr\u00fcft.<\/p>\n<p>\u00a7 Eine regul\u00e4re T\u00dcV-Abnahme ist nicht m\u00f6glich. Die Motoren sind nicht Abgas zertifiziert. Bremsen, Beleuchtung etc. entsprechen nicht den einschl\u00e4gigen Vorschriften zur Stra\u00dfenverkehrszulassung.<\/p>\n<p>\u00a7 Es gibt keine typgepr\u00fcften Anh\u00e4ngekupplungen.<\/p>\n<p>\u00a7 Die beim H\u00e4ndler-Verkauf vorgeschriebene Betriebsanleitung in deutscher Sprache bezieht sich ggf. nur teilweise auf das vorstehende Modell und entspricht nicht den sicherheitstechnischen Standards der Richtlinie 98\/37 EG.<\/p>\n<p>\u00a7 3-Punkt-Aushebungen entsprechen nicht europ\u00e4ischen Normen, gleiches gilt f\u00fcr Zapfwellen, deren Profil und Drehrichtung.<\/p>\n<p>Kubota (Deutschland) GmbH schlie\u00dft ausdr\u00fccklich jegliche Haftung f\u00fcr Sch\u00e4den jeglicher Art, hervorgerufen durch solche Maschinen, aus.<\/p>\n<p>Es besteht keine M\u00f6glichkeit der Unterst\u00fctzung bei<\/p>\n<p>\u00a7 der Zulassung zum Stra\u00dfenverkehr<\/p>\n<p>\u00a7 Service \/ Service Informationen<\/p>\n<p>\u00a7 Gew\u00e4hrleistung<\/p>\n<p>\u00a7 Ersatzteilen \/ -listen<\/p>\n<p>Kubota (Deutschland) GmbH, Rodgau, November 2016<\/p>\n","protected":false},"excerpt":{"rendered":"<p>Sehr geehrte Kundin, sehr geehrter Kunde, Kubota Maschinen werden ob ihrer Qualit\u00e4t und Zuverl\u00e4ssigkeit im Markt allseits gesch\u00e4tzt. Einen wesentlichen Beitrag hierzu leistet unser Service- und Ersatzteildienst (siehe H\u00e4ndlernachweis), auf welchen Sie auch nach dem Kauf einer Gebrauchtmaschine beruhigt zur\u00fcckgreifen k\u00f6nnen. Leider werden immer wieder von unabh\u00e4ngigen Firmen oder Personen, welche weder von Kubota (Deutschland)[&#8230;]<\/p>\n","protected":false},"author":1,"featured_media":981,"parent":0,"menu_order":0,"comment_status":"closed","ping_status":"closed","template":"","meta":{"footnotes":"","_expiration-date-status":"saved","_expiration-date":0,"_expiration-date-type":"","_expiration-date-categories":[],"_expiration-date-options":[]},"class_list":["post-970","page","type-page","status-publish","has-post-thumbnail","hentry"],"acf":[],"_links":{"self":[{"href":"https:\/\/kdg.kubota-eu.com\/groundcare\/wp-json\/wp\/v2\/pages\/970","targetHints":{"allow":["GET"]}}],"collection":[{"href":"https:\/\/kdg.kubota-eu.com\/groundcare\/wp-json\/wp\/v2\/pages"}],"about":[{"href":"https:\/\/kdg.kubota-eu.com\/groundcare\/wp-json\/wp\/v2\/types\/page"}],"author":[{"embeddable":true,"href":"https:\/\/kdg.kubota-eu.com\/groundcare\/wp-json\/wp\/v2\/users\/1"}],"replies":[{"embeddable":true,"href":"https:\/\/kdg.kubota-eu.com\/groundcare\/wp-json\/wp\/v2\/comments?post=970"}],"version-history":[{"count":7,"href":"https:\/\/kdg.kubota-eu.com\/groundcare\/wp-json\/wp\/v2\/pages\/970\/revisions"}],"predecessor-version":[{"id":1179,"href":"https:\/\/kdg.kubota-eu.com\/groundcare\/wp-json\/wp\/v2\/pages\/970\/revisions\/1179"}],"wp:featuredmedia":[{"embeddable":true,"href":"https:\/\/kdg.kubota-eu.com\/groundcare\/wp-json\/wp\/v2\/media\/981"}],"wp:attachment":[{"href":"https:\/\/kdg.kubota-eu.com\/groundcare\/wp-json\/wp\/v2\/media?parent=970"}],"curies":[{"name":"wp","href":"https:\/\/api.w.org\/{rel}","templated":true}]}}